{"id":8,"date":"2015-01-15T11:11:51","date_gmt":"2015-01-15T11:11:51","guid":{"rendered":"http:\/\/ehnberg.fi\/?page_id=8"},"modified":"2021-09-02T20:59:30","modified_gmt":"2021-09-02T20:59:30","slug":"koulutus-ja-luentotoimintaa","status":"publish","type":"page","link":"https:\/\/ehnberg.fi\/?page_id=8","title":{"rendered":"Koulutus- ja luentotoimintaa"},"content":{"rendered":"<div class=\"article-content\">\n<h2><em>Peruskurssi<\/em>:<\/h2>\n<p><strong>C.G Jungin analyyttinen psykologia. Johdanto ja yleiskatsaus. Peruskurssi, luennot 20h<\/strong>:<\/p>\n<p><em>Edellinen: la-su<\/em> 12.-13.9., 27.9., 11.10.2015 Helsinki: Karjala-talo, K\u00e4pyl\u00e4nkuja 1.<\/p>\n<p>Keskeisi\u00e4 teorioita ja k\u00e4sitteit\u00e4 kuten assosiaatiokokeet, kompleksi, symboli, arkkityyppi, sadut ja myytit, individuaatio ja sen t\u00e4rke\u00e4t arkkityypit varjo, persona, anima\/animus, itse; uskontopsykologia; tiedostamaton ja tiedostettu; ty\u00f6menetelmi\u00e4. Kurssi on suunniteltu helpottavan useimpien erityisalueiden lukemista\/tutkimista C.G. Jungin kirjoituksissa ja analyyttisen psykologian teoksissa, ja antavan kattavan kokonaiskuvan mittavasta psykologiasta.<\/p>\n<p>Luentokurssi on aikaisemmin tapahtunut muutamien vuosien v\u00e4lein Helsingin Yliopiston Palmenian j\u00e4rjest\u00e4m\u00e4n\u00e4 Helsingin keskustassa.\u00a0 Nyt oma organisointi.<\/p>\n<p>Otan vastaan ilmoituksia ennakkokiinnostuksesta.<\/p>\n<p>Suurin osa peruskurssin materiaalista on ilmestynyt kirjamuodossa: Unia, satuja ja myyttej\u00e4. Johdanto C.G. Jungin analyyttiseen psykologiaan. Katso verkosta kustantamo www.noxboox.fi ja www. facebook.com\/noxboox.<\/p>\n<h2><em>Analyyttisen psykologian ty\u00f6metodiseminaareja<\/em> (peruskurssin tai peruskirjani tiedot pohjana):<\/h2>\n<p>Pienryhm\u00e4seminaareina (maks. 6-8osall.), neli- tai kuusip\u00e4iv\u00e4isin\u00e4 ( Satu 2X2pv, Kuva ja Uni 3X2pv, v\u00e4liviikoilla; usein la-su) joita olen muutamien vuosien v\u00e4lein j\u00e4rjest\u00e4nyt kokoustiloissa Helsingin keskustassa. Seminaarit ovat suunnatut psykoterapian ammattilaisille, ihmisauttamisty\u00f6ss\u00e4\u00a0 tai humanistisella ty\u00f6alalla oleville. Osallistuminen edellytt\u00e4\u00e4 ryhm\u00e4ty\u00f6skentelyss\u00e4 omaa ty\u00f6panosta ja lyhyen kirjallisen yhteenvedon omasta tutkimusty\u00f6st\u00e4. Seminaarien pedagogisen rakenteen vuoksi suosittelen seminaareihin aikovalle v\u00e4ltt\u00e4\u00e4 satu- tai kuvatulkintakirjoja ennen seminaaria.<\/p>\n<p>Lis\u00e4tietoja alasivulla ilmoittautuminen, lis\u00e4tietoja.<\/p>\n<p><strong>Metodiseminaari I. Satu. <\/strong><strong><br \/>\n<\/strong><\/p>\n<p>2X2pv. Symbolisen ja teksti\/tarina-materiaalin kanssa ty\u00f6skentelemisest\u00e4 poikkitieteellisesti, diagnostisesti ja psykoterapeuttisesti. Johdatusta analyyttiseen,\u00a0 synteettiseen ja amplifikaation menetelmiin sek\u00e4 arkkityyppisen tason perspektiiviin. Johdatus psyykkisen prosessin ja kent\u00e4n huomioimiseen.<\/p>\n<p>Edellinen 2016: 23.-24.1., 6.-7.2.<\/p>\n<p>Metodiseminaarin I. Satu. materiaali on <strong>ty\u00f6n alla julkaistavaksi kirjaksi<\/strong>, ja ensimm\u00e4inen kirjoitusversio on jo 2021-08-31 annettu kustannustoimittajalle arvioitavaksi.<\/p>\n<p><strong>Metodiseminaari II. Kuva<\/strong>.<\/p>\n<p>3X2pv. Symbolisen ja kuvaty\u00f6-materiaalin kanssa ty\u00f6skentelemisest\u00e4. K\u00e4sittelee kuvan ja kuvanteon materiaalia ja puitteita, erotteludiagnostisia mahdollisuuksia,\u00a0 ja psykoterapeuttisia kysymyksi\u00e4. Samojen menetelmien harjoittelua kuin seminaari I . &#8211; Edellinen oli 1.-2., 15.-16., 29.-30.10. 2016.<\/p>\n<p><strong>Metodiseminaari III. Uni. Johdanto.<\/strong><strong><br \/>\n<\/strong><\/p>\n<p>3X2pv. Yksil\u00f6n (tapausselostuksia) unen materiaalin kanssa ty\u00f6skentelemisest\u00e4. K\u00e4sittelee nukkumisen ja unen mekanismeja, unen symbolista ja objektiivista materiaalia, erotteludiagnostisia ja psykoterapeuttisia kysymyksi\u00e4. Samojen menetelmien k\u00e4ytt\u00f6\u00e4 kuin seminaarissa I ja II. <strong>&#8211;<\/strong> Edellinen oli 19.-20.6., 6-9.8.2018.<\/p>\n<\/div>\n","protected":false},"excerpt":{"rendered":"<p>Peruskurssi: C.G Jungin analyyttinen psykologia. Johdanto ja yleiskatsaus. Peruskurssi, luennot 20h: Edellinen: la-su 12.-13.9., 27.9., 11.10.2015 Helsinki: Karjala-talo, K\u00e4pyl\u00e4nkuja 1. Keskeisi\u00e4 teorioita ja k\u00e4sitteit\u00e4 kuten assosiaatiokokeet, kompleksi, symboli, arkkityyppi, sadut ja myytit, individuaatio ja sen t\u00e4rke\u00e4t arkkityypit varjo, persona, anima\/animus, itse; uskontopsykologia; tiedostamaton ja tiedostettu; ty\u00f6menetelmi\u00e4. Kurssi on suunniteltu helpottavan useimpien erityisalueiden lukemista\/tutkimista C.G. Jungin &hellip; <a href=\"https:\/\/ehnberg.fi\/?page_id=8\" class=\"more-link\">Continue reading <span class=\"screen-reader-text\">Koulutus- ja luentotoimintaa<\/span> <span class=\"meta-nav\">&rarr;<\/span><\/a><\/p>\n","protected":false},"author":1,"featured_media":0,"parent":0,"menu_order":0,"comment_status":"open","ping_status":"open","template":"","meta":{"footnotes":""},"class_list":["post-8","page","type-page","status-publish","hentry"],"_links":{"self":[{"href":"https:\/\/ehnberg.fi\/index.php?rest_route=\/wp\/v2\/pages\/8","targetHints":{"allow":["GET"]}}],"collection":[{"href":"https:\/\/ehnberg.fi\/index.php?rest_route=\/wp\/v2\/pages"}],"about":[{"href":"https:\/\/ehnberg.fi\/index.php?rest_route=\/wp\/v2\/types\/page"}],"author":[{"embeddable":true,"href":"https:\/\/ehnberg.fi\/index.php?rest_route=\/wp\/v2\/users\/1"}],"replies":[{"embeddable":true,"href":"https:\/\/ehnberg.fi\/index.php?rest_route=%2Fwp%2Fv2%2Fcomments&post=8"}],"version-history":[{"count":13,"href":"https:\/\/ehnberg.fi\/index.php?rest_route=\/wp\/v2\/pages\/8\/revisions"}],"predecessor-version":[{"id":207,"href":"https:\/\/ehnberg.fi\/index.php?rest_route=\/wp\/v2\/pages\/8\/revisions\/207"}],"wp:attachment":[{"href":"https:\/\/ehnberg.fi\/index.php?rest_route=%2Fwp%2Fv2%2Fmedia&parent=8"}],"curies":[{"name":"wp","href":"https:\/\/api.w.org\/{rel}","templated":true}]}}