{"id":6,"date":"2015-01-15T11:11:15","date_gmt":"2015-01-15T11:11:15","guid":{"rendered":"http:\/\/ehnberg.fi\/?page_id=6"},"modified":"2026-02-13T08:42:11","modified_gmt":"2026-02-13T08:42:11","slug":"lars-ehnberg","status":"publish","type":"page","link":"https:\/\/ehnberg.fi\/?page_id=6","title":{"rendered":"Lars Ehnberg"},"content":{"rendered":"<div class=\"article-content\">\n<p>Psykoanalyytikko (Dipl.: C.G.Jung-Institut, Z\u00fcrich, 1987; IAAP:n hyv\u00e4ksym\u00e4 koulutus), psykoterapeutti, vaativa erityistaso (Suomi: TEO, nyk. LVV), leg. psykoterapeut (Socialstyrelsen, Ruotsi). KELAn hyv\u00e4ksym\u00e4 palveluntuottaja. J\u00e4sen: IAAP (International Association of Analytical Psychology); AGAP (Association of Graduated Analytical Psychologists, Z\u00fcrich); SAPY ry.\u00a0 Sitoudun AGAPin eettiseen koodiin ty\u00f6ss\u00e4ni.<\/p>\n<p>Lis\u00e4tietoja alasivulla In English.<\/p>\n<h2>Yhteystiedot<\/h2>\n<ul>\n<li>S\u00e4hk\u00f6posti: <a href=\"mailto:lars@ehnberg.net\">lars@ehnberg.net<\/a><\/li>\n<li>Puhelin: +358-50-592 83 18<\/li>\n<li>Vastaanotto videoyhteydell\u00e4 ja Espoossa<\/li>\n<\/ul>\n<p>Kielet: suomi, ruotsi, englanti, saksa.<\/p>\n<h2>Psykoterapia- tai psykoanalyysity\u00f6h\u00f6n hakeutuminen<\/h2>\n<p>Hakeutumisprosessiin kuuluu reilun tunnin tutustumisk\u00e4ynti jolloin, sitoumuksetta puolin ja toisin, voimme rauhassa keskustella ty\u00f6st\u00e4 ja tutustua toisiimme. K\u00e4ynti on tietysti maksuton. Toivon molemmille viikon miettimisaikaa, ennen sopimista ty\u00f6n aloittamisesta.<\/p>\n<\/div>\n<p>Joskus jo tutustumisk\u00e4ynnin keskustelu on tarpeeksi avuksi, tai jos n\u00e4in yhdess\u00e4 n\u00e4hd\u00e4\u00e4n sopivaksi ett\u00e4 muutaman kerran tapaamisilla l\u00f6ytyy tarpeeksi otetta tai ratkaisua miten jatkaa.<\/p>\n<div class=\"article-content\">\n<p>Ensi kertaa t\u00e4llaiseen ty\u00f6h\u00f6n hakeutuvalle suosittelen yritt\u00e4\u00e4 tutustua toisiinkin psykoterapeutteihin, jotta l\u00f6yt\u00e4isi usein ainutlaatuiseen ty\u00f6h\u00f6ns\u00e4 ty\u00f6kumppanin, joka antaa parhaan tunteen luottamuksesta ja ymm\u00e4rretyksi tulemisesta. Joskus ty\u00f6t\u00e4 edesauttaa my\u00f6s jos jokin muu puite tarvitsee huomiota ja valitsee sen mukaan, esimerkiksi nais- tai miespuolisen terapeutin, tai jonkun ty\u00f6metodin joka tuntuu kannustavalta.<\/p>\n<p>Vastaanottoni on t\u00e4ll\u00e4 hetkell\u00e4 t\u00e4ynn\u00e4. Valikoiden saatan ottaa uusia asiakkaita yksitt\u00e4isiin tai lyhyempiin konsultaatioihin.<\/p>\n<h2>Miksi psykoterapia?<\/h2>\n<p>Eri tilanteet ja vaiheet el\u00e4m\u00e4ss\u00e4 tuovat esille kysymyksi\u00e4 joiden ty\u00f6st\u00e4miseen voi kokea hy\u00f6tyv\u00e4ns\u00e4 ulkoisesta avusta. Teht\u00e4v\u00e4haasteet, el\u00e4m\u00e4nmuutokset, uudet toimintatasot, juuttunut el\u00e4m\u00e4, psyykkiset vaivat tai sairaudet, tai fyysiset sairaudet voivat kuulua oireitaan suurempaan psyykkiseen ja henkiseen kehitykseen ja tarvitsevat ymm\u00e4rt\u00e4v\u00e4\u00e4 kohtaamista, ty\u00f6st\u00e4mist\u00e4 ja tottuneesta poikkeavia n\u00e4k\u00f6aloja.<\/p>\n<p>Monet niin kutsutut oireet, esimerkiksi ahdistus, unettomuus tai masennus, eiv\u00e4t tarvitse olla sairautta tai h\u00e4iri\u00f6t\u00e4 jota tulee v\u00e4ltt\u00e4\u00e4. N\u00e4m\u00e4 voivat olla tavallisia ilmi\u00f6it\u00e4 el\u00e4m\u00e4n muutosprosesseissa,\u00a0 arvokkaita ja auttavia signaaleja psyykkisen kehityksen polulla. Huolellinen tutkiminen on paikallaan ennen mit\u00e4\u00e4n diagnoosia, hoitosuunnitelmia tai -toimenpiteit\u00e4. Hyv\u00e4 ymm\u00e4rrys el\u00e4m\u00e4ntilanteesta ja sen tasoista varmentaa sen ett\u00e4 ty\u00f6 kohdistuu tarkemmin ja el\u00e4m\u00e4\u00e4 suojelevat, tarpeelliset ty\u00f6st\u00f6alueet pidet\u00e4\u00e4n avoinna ja toiminnassa. Fyysisen tai psyykkisen ohella, voi my\u00f6s henkinen tila aiheuttaa monenkaltaisia reaktioita ja oireita, ja vaatia huomioimista ja ty\u00f6st\u00e4mist\u00e4 tarpeellisen muutoksen saavuttamiseksi. Lahjakkuus tai toisenlaisuus joka on j\u00e4\u00e4nyt ymm\u00e4rt\u00e4myst\u00e4 vaille tai syrjityksi voi hyvinkin olla rikkaus kunhan se saa l\u00f6yt\u00e4\u00e4 kanavansa el\u00e4m\u00e4\u00e4n.<\/p>\n<p>Psykoterapia on hoitomuoto jossa voi huomioida el\u00e4m\u00e4ns\u00e4 ilmi\u00f6it\u00e4 kokonaisvaltaisesti, ei ainoastaan yhden n\u00e4k\u00f6kulman kautta. Psykoterapian avulla voi kohdata, ty\u00f6st\u00e4\u00e4 ja muuttaa psyykkisi\u00e4 rakenteita. Terapiaty\u00f6n p\u00e4\u00e4m\u00e4\u00e4r\u00e4 on auttaa el\u00e4m\u00e4\u00e4n el\u00e4m\u00e4ntilanteensa, mahdollisuuksien mukaan parantaa ja tehd\u00e4 ehe\u00e4ksi. Kysymys siis ei ole t\u00e4ytt\u00e4\u00e4 jokin hoitosuositus, vaan pyrki\u00e4 ensisijaisesti muutosn\u00e4kemykseen joka vie parantumiseen. Ty\u00f6ss\u00e4ni k\u00e4yt\u00e4n keskustelumuotoa, mutta ty\u00f6h\u00f6n voi my\u00f6s liitty\u00e4 apuna unet, sadut, mielikuvat, myytit, visiot, kuvaty\u00f6t, fyysinen, liike- ja tanssi-ilmi\u00f6, joitakin mainitakseni.<\/p>\n<p>Psykoterapiatapaaminen luonani on tavallisimmin kerran viikossa t\u00e4ysi tunti. Kaksi kertaa viikossa on intensiivisin ty\u00f6tahti, koska sek\u00e4 terapianhakija ett\u00e4 terapeutti ty\u00f6skentelev\u00e4t prosessia edist\u00e4\u00e4kseen tapaamisten v\u00e4lill\u00e4 parikin tuntia. Aika ja tapaamistiheys voi olla mainitusta toisenlainenkin, ja joustaa el\u00e4m\u00e4ntilanteen mukaan.<\/p>\n<p>Yli kolmenkymmenen vuoden toimintani aikana on valmiin terapiaty\u00f6n prosessin kesto vaihdellut parista kuukaudesta yli kymmeneen vuoteen. Joka prosessi on omansa, mutta keskim\u00e4\u00e4r\u00e4inen terapian kesto on ollut 1-1,5 vuotta. Joskus muutamakin tapaaminen selvent\u00e4\u00e4 riitt\u00e4v\u00e4sti el\u00e4m\u00e4nkysymyst\u00e4.<\/p>\n<p>Viitekehyksen\u00e4 ty\u00f6h\u00f6ni k\u00e4yt\u00e4n p\u00e4\u00e4asiassa analyyttista psykologiaa (C.G. Jung) monen muun peruspsykoterapian teorian ohella. Ty\u00f6skentelen kahdenkeskisesti ja l\u00e4hinn\u00e4 aikuisten henkil\u00f6itten kanssa. Analyyttinen psykologia on omiaan ty\u00f6menetelm\u00e4n\u00e4 aikuisille, varttuneille ja el\u00e4m\u00e4n kokemusta omaaville. Viitekehys huomioi ett\u00e4 my\u00f6s aikuisi\u00e4ss\u00e4 kehittyy psyykkisi\u00e4 rakenteita ja haasteita, ja ett\u00e4 kohtaamme t\u00e4rkeit\u00e4 uusia el\u00e4m\u00e4nvaiheita.<\/p>\n<p>Ty\u00f6tilanteessa sek\u00e4 terapianhakija ett\u00e4 terapeutti ovat tasavertaiset yhteisty\u00f6kumppanit.<\/p>\n<p>Psykoterapia kuuluu terveydenhoitoon, joten se on ilman arvonlis\u00e4veroa. Kelakorvaus on mahdollinen.<\/p>\n<p>Psykoterapian tehokkuutta on puoltanut moni tutkimus, Suomessa esimerkiksi Terveyden- ja hyvinvoinnin laitoksen ja muiden yhteistutkimus<\/p>\n<p>http:\/\/www.thl.fi\/tto\/hps\/<\/p>\n<p>Jungin analyyttisen psykologian k\u00e4ytt\u00f6 psykoterapiassa on todettu monissa standardisoiduissa tutkimuksissa olevan tehokkaasti toimivaa\u00a0 ja kustannustehokasta. Tutkimusten mukaan keskim\u00e4\u00e4r\u00e4inen lukum\u00e4\u00e4r\u00e4 istuntoja loppuunsaatetulla ty\u00f6prosessilla oli 90. \u00a0 Roesler, Christian. 2013. &#8220;Evidence for the Effectiveness of Jungian Psychotherapy: A Review of Empirical Studies.&#8221; <em>Behav. Sci.<\/em> 3, no. 4: 562-575.<\/p>\n<h2>Psykoanalyysi<\/h2>\n<p>Psykoanalyysi on lyhyesti sanottuna yksil\u00f6n psyyke\u00e4 tutkiva ja paljastava ty\u00f6muoto, jossa niin kutsutulla syvyyspsykologisella n\u00e4k\u00f6kannalla tutkitaan eritoten yksil\u00f6n tiedostamatonta, sen voimakentti\u00e4 ja sen prosesseja. Psykoterapiaty\u00f6ss\u00e4 varsinkin aikuisten kanssa voi kuulua paljonkin psykoanalyyttisia ty\u00f6osia. Psykoanalyysia k\u00e4ytet\u00e4\u00e4n sis\u00e4isten mahdollisuuksiensa kehitt\u00e4miseen ja pyritt\u00e4ess\u00e4 lis\u00e4\u00e4m\u00e4\u00e4n itsetuntemusta. Monet henkil\u00f6t vaativissa el\u00e4m\u00e4nteht\u00e4viss\u00e4 tai kutsumusty\u00f6ss\u00e4 ovat n\u00e4hneet arvon siin\u00e4 ett\u00e4 kehitt\u00e4v\u00e4t sis\u00e4isi\u00e4 mahdollisuuksiaan, moninaisuuttaan ja voimavarojaan aivan uusiin ulottuvuuksiin.<\/p>\n<p>Psykoanalyysi kuten psykoterapia saattaa useasti n\u00e4ky\u00e4 selv\u00e4n\u00e4 prosessina tai sadunomaisena matkana oman psyykeen maisemiin, varsinkin kun symbolista materiaalia esiintyy, kuten unet.<\/p>\n<p>Pelkk\u00e4 psykoanalyysi ei ole suoranaisesti hoitomuoto, on Kelan tuenhaun ulkopuolella ja alv-lis\u00e4 kuuluu mukaan.<\/p>\n<h2>Syvyyspsykologinen kartoitus, 8 tapaamista<\/h2>\n<p>Kokeiluluontoisena olen my\u00f6s tarjonnut kartoitusmahdollisuutta henkil\u00f6ille jotka ovat kiinnostuneet syvemp\u00e4\u00e4n kuvaan itsest\u00e4\u00e4n ja kehitysmahdollisuuksistaan, mutta jotka eiv\u00e4t hae aikam\u00e4\u00e4ritteisesti avonaisempaa psykoanalyysin tai psykoterapiaty\u00f6n prosessia. Kartoitus syvyyspsykologisin metodein alkaa huolellisella taustanotolla (2-3krt), ja jatkuu ajankohtaisen psyykkisen materiaalin, kuten unien, mielikuvien jne. huomioimisella ja analyysilla. Viimeisell\u00e4 tapaamisella keskityt\u00e4\u00e4n l\u00f6ydettyyn kokonaiskuvaan.<\/p>\n<p>Kartoituskokonaisuus on kahdeksan yhden tunnin tapaamista, mutta edellytt\u00e4\u00e4 molempien osapuolien tapaamistenv\u00e4list\u00e4 ty\u00f6t\u00e4, ehk\u00e4 saman verran lis\u00e4\u00e4. T\u00e4m\u00e4 tehostaa merkitt\u00e4v\u00e4sti kartoituksen tuloksellisuutta. Kuten psykoanalyysin kohdalla, t\u00e4m\u00e4 on Kelan tuenhaun ulkopuolella ja alv kuuluu palkkion lis\u00e4ksi.<\/p>\n<h2>Psykoterapeutti<\/h2>\n<p>Psykoterapeutti on hoitoalan ammattihenkil\u00f6 joka on l\u00e4pik\u00e4ynyt erityisen ammattikoulutuksen. Kansainv\u00e4listen yleisten vaatimusten mukaisesti koulutus tulisi sis\u00e4lt\u00e4\u00e4 jo sopivan peruskoulutuksen saaneen (esim. l\u00e4\u00e4k\u00e4ri, psykiatri, pappi\/teologi, psykologi), persoonallisuudeltaan sopivaksi todetun henkil\u00f6n tarpeelliset teoreettiset lis\u00e4opinnot, oman koulutushoidon ja ty\u00f6nohjauksessa olleen ty\u00f6harjoittelun.<\/p>\n<p>Psykoterapeutti on Suomessa Terveydenhuollon Oikeusturvakeskuksen (TEO, nykyisin Valvira) hyv\u00e4ksym\u00e4 rekister\u00f6ity ammatinharjoittaja. Perehtyneisyystasot ovat Suomessa eritellyt koulutuksen pituuden mukaan seuraavasti:\u00a0 &#8220;erityistaso&#8221;, &#8220;ylempi erityistaso&#8221; (n. 4 v.) tai &#8220;vaativa erityistaso&#8221; ( 4-6 v. erityiskoulutus). Oma ammattikoulutukseni Z\u00fcrichiss\u00e4 on Euroopan vaativimpia, 6 vuotta t\u00e4ysp\u00e4iv\u00e4-opiskeluna.<\/p>\n<p>Psykoterapeutti toimii tavallisimmin avohoidon saralla omalla vastaanotolla, ja hoitaa itse asiakasrekisterins\u00e4. Psykoterapeuttinen hoito on alv:tonta terveydenhoitoa.<\/p>\n<p>Lis\u00e4tietoja: Psykoterapia Suomessa. Stakes Oppaita 29. Toim. Kari Pylkk\u00e4nen, Raijaliisa P\u00f6ll\u00e4nen, Maila Upanne. Stakes Sosiaali- ja terveysalan tutkimus- ja kehitt\u00e4miskeskus, 1995; Ehnberg, Lars: Analyyttiseen psykologiaan erikoistuminen. Psykologia (Helsinki), 24, 2\/1989, 107-109.<\/p>\n<\/div>\n<p><strong>Toimintatavassani<\/strong>\u00a0 ty\u00f6tapaaminen on\u00a0 molempien ollessa l\u00e4sn\u00e4 vastaanottohuoneessani. Ne inhimillisen el\u00e4m\u00e4n fyysiset, psyykkiset ja henkiset ulottuvaisuudet joiden kanssa vastaanotollani voidaan ty\u00f6skennell\u00e4, eiv\u00e4t kokonaan mahdu digitaalisen kommunikaation v\u00e4lineisiin, riippumatta ovatko kanavat suojaamattomia tai suojattuja. Kasvokkain kohtaaminen voimistaa ja nopeuttaa ty\u00f6prosessia. Kriisitilanteessa saatan kuitenkin poiketa k\u00e4ytt\u00e4m\u00e4\u00e4n my\u00f6s et\u00e4yhteytt\u00e4.<\/p>\n<p>N\u00e4en my\u00f6s ett\u00e4 ne yksil\u00f6lliset kehitysprosessit joihin olen ollut ty\u00f6parina, eiv\u00e4t mahdu terveydenhoitoalan tehdashalleihin. Yksityisell\u00e4 vastaanotollani olen henkil\u00f6kohtaisesti tutkimassa taustoja, hoitamassa ja vastuussa yhteisty\u00f6n puitteista, tapaamisaikojen joustavuudesta, kirjaamis- ja dokumentointibyrokratian hallinnasta, sek\u00e4 nimenomaan toteuttamassa asiakkaan tarpeisiin sovitettua huolellista ty\u00f6t\u00e4 ja sen korkeaa laatua.<\/p>\n","protected":false},"excerpt":{"rendered":"<p>Psykoanalyytikko (Dipl.: C.G.Jung-Institut, Z\u00fcrich, 1987; IAAP:n hyv\u00e4ksym\u00e4 koulutus), psykoterapeutti, vaativa erityistaso (Suomi: TEO, nyk. LVV), leg. psykoterapeut (Socialstyrelsen, Ruotsi). KELAn hyv\u00e4ksym\u00e4 palveluntuottaja. J\u00e4sen: IAAP (International Association of Analytical Psychology); AGAP (Association of Graduated Analytical Psychologists, Z\u00fcrich); SAPY ry.\u00a0 Sitoudun AGAPin eettiseen koodiin ty\u00f6ss\u00e4ni. Lis\u00e4tietoja alasivulla In English. Yhteystiedot S\u00e4hk\u00f6posti: lars@ehnberg.net Puhelin: +358-50-592 83 18 Vastaanotto &hellip; <a href=\"https:\/\/ehnberg.fi\/?page_id=6\" class=\"more-link\">Continue reading <span class=\"screen-reader-text\">Lars Ehnberg<\/span> <span class=\"meta-nav\">&rarr;<\/span><\/a><\/p>\n","protected":false},"author":1,"featured_media":0,"parent":0,"menu_order":0,"comment_status":"open","ping_status":"open","template":"","meta":{"footnotes":""},"class_list":["post-6","page","type-page","status-publish","hentry"],"_links":{"self":[{"href":"https:\/\/ehnberg.fi\/index.php?rest_route=\/wp\/v2\/pages\/6","targetHints":{"allow":["GET"]}}],"collection":[{"href":"https:\/\/ehnberg.fi\/index.php?rest_route=\/wp\/v2\/pages"}],"about":[{"href":"https:\/\/ehnberg.fi\/index.php?rest_route=\/wp\/v2\/types\/page"}],"author":[{"embeddable":true,"href":"https:\/\/ehnberg.fi\/index.php?rest_route=\/wp\/v2\/users\/1"}],"replies":[{"embeddable":true,"href":"https:\/\/ehnberg.fi\/index.php?rest_route=%2Fwp%2Fv2%2Fcomments&post=6"}],"version-history":[{"count":19,"href":"https:\/\/ehnberg.fi\/index.php?rest_route=\/wp\/v2\/pages\/6\/revisions"}],"predecessor-version":[{"id":266,"href":"https:\/\/ehnberg.fi\/index.php?rest_route=\/wp\/v2\/pages\/6\/revisions\/266"}],"wp:attachment":[{"href":"https:\/\/ehnberg.fi\/index.php?rest_route=%2Fwp%2Fv2%2Fmedia&parent=6"}],"curies":[{"name":"wp","href":"https:\/\/api.w.org\/{rel}","templated":true}]}}