{"id":14,"date":"2015-01-15T11:13:14","date_gmt":"2015-01-15T11:13:14","guid":{"rendered":"http:\/\/ehnberg.fi\/?page_id=14"},"modified":"2019-12-29T09:23:24","modified_gmt":"2019-12-29T09:23:24","slug":"lisatietoja","status":"publish","type":"page","link":"https:\/\/ehnberg.fi\/?page_id=14","title":{"rendered":"Tietol\u00e4hteit\u00e4"},"content":{"rendered":"<h2>Hyvi\u00e4 paikkoja aloittaa<\/h2>\n<p><strong>Kirjoja<\/strong><\/p>\n<p>Jung, C.G. ja muut: Symbolit. Otava, 1991. (Katso my\u00f6s <a href=\"http:\/\/www.ehnberg.net\/lars\/mielikuvat.html\">kirja-arvioni<\/a> Helsingin Sanomissa 16.2.1992, s. A17)<\/p>\n<p>Jung, C.G.: Unia, ajatuksia, muistikuvia. WSOY 1985, 1990, 2002<\/p>\n<p>Ehnberg, Lars: Unia, satuja ja myyttej\u00e4. Johdatus C.G.Jungin analyyttiseen psykologiaan. Noxboox, 2013.<\/p>\n<p><strong>Verkkosivuja<\/strong><\/p>\n<p><a href=\"http:\/\/www.cgjung.fi\">SAPY<\/a> Suomen Analyyttisen Psykologian Yhdistys, ry www.cgjung.fi<\/p>\n<p>SAPY <a href=\"http:\/\/www.facebook.com\/cgjungsuomessa\">Facebook sivu<\/a> www.facebook.com\/cgjungsuomessa<\/p>\n<p><a href=\"http:\/\/iaap.org\/\">IAAP<\/a> &#8211; International Association for Analytical Psychology<\/p>\n<p><a href=\"http:\/\/www.agap.info\">AGAP<\/a> &#8211; The Association of Graduates in Analytical psychology, Z\u00fcrich<\/p>\n<p><a href=\"http:\/\/www.cgjungpage.org\/\">CG Jung Page<\/a> Tietoa Jungista<\/p>\n<p><a href=\"http:\/\/www.psychologyclub.ch\/\">Psychological Club Z\u00fcrich\/ Psychologischer Club Z\u00fcrich<\/a><\/p>\n<p><a href=\"http:\/\/www.cjp.se\">Centrum f\u00f6r Jungiansk Psykologi\u00a0<\/a>(Ruotsalainen kustantaja ja tiedonv\u00e4litt\u00e4j\u00e4 &#8211; sivun p\u00e4ivitys lopetettu, mutta alasivuilta\u00a0 cjp nyhetsbrev, artikelregister l\u00f6yt\u00e4\u00e4 muuan muassa artikkeleita)<\/p>\n<p><a href=\"http:\/\/www.terapiahuonetahdet.fi\/en\">Harri Virtanen<\/a><\/p>\n<h2>Muutamia kustantamoita joissa analyyttisen psykologian alalta kirjoja<\/h2>\n<h3>Suomalaisia<\/h3>\n<p>www.noxboox.fi<\/p>\n<p>www.facebook.com\/noxboox<\/p>\n<p>Rasalas<br \/>\nKirjapaja<br \/>\nOtava<\/p>\n<h3>Ruotsalaisia<\/h3>\n<p>CJP (www.cjp.se)<br \/>\nGedins<br \/>\nNatur och Kultur<\/p>\n<h3>Englanninkielisi\u00e4<\/h3>\n<p>Routledge<\/p>\n<p>Brunner-Routledge<\/p>\n<p>Princeton University Press<\/p>\n<p>Shambhala<br \/>\nKarnac Books<br \/>\nOpen Court Publ.<\/p>\n<p>Inner City Books<br \/>\nSpring Publ.<br \/>\nNew Falcon Publ.<\/p>\n<h3>Saksankielisi\u00e4<\/h3>\n<p>Walter Verlag<br \/>\nBonz<br \/>\nKreuz<br \/>\nDaimon Verlag<br \/>\nSchweizer Spiegel Verlag<\/p>\n<h2>Muutamia analyyttisen psykologian aikakausikirjoja<\/h2>\n<p>Journal of Analytical Psychology<br \/>\nAnalytische Psychologie<br \/>\nHarvest<br \/>\nQuadrant<br \/>\nCahiers de Psychologie Jungienne<br \/>\nRivista di Psicologica Analitica<br \/>\nPsychological Perspective<\/p>\n<h2>Suomen C.G. Jung-Seura &#8211; C.G. Jung-S\u00e4llskapet i Finland<\/h2>\n<p>Rekister\u00f6im\u00e4t\u00f6n seura eri alojen ammatti-ihmisille, jotka toiminnassaan k\u00e4ytt\u00e4v\u00e4t analyyttisen psykologian n\u00e4k\u00f6kulmia. Noin 70 j\u00e4sent\u00e4 koko maasta, l\u00e4hinn\u00e4 terveydenhuollon ja taiteiden aloilta. Seura toimii l\u00e4hinn\u00e4 tiedotteilla analyyttista psykologiaa koskevista tai sivuuttavista tapahtumista, ja j\u00e4senet j\u00e4rjest\u00e4v\u00e4t joskus kokouksia. S\u00e4hk\u00f6postitse l\u00e4hetett\u00e4v\u00e4n tiedotteen saa ilmoittamalla kiinnostuksensa postituslistaa hoitavalle: t\u00e4ll\u00e4 hetkell\u00e4 Harri Virtanen, <a href=\"mailto:havirtain@gmail.com\">havirtain@gmail.com<\/a><\/p>\n","protected":false},"excerpt":{"rendered":"<p>Hyvi\u00e4 paikkoja aloittaa Kirjoja Jung, C.G. ja muut: Symbolit. Otava, 1991. (Katso my\u00f6s kirja-arvioni Helsingin Sanomissa 16.2.1992, s. A17) Jung, C.G.: Unia, ajatuksia, muistikuvia. WSOY 1985, 1990, 2002 Ehnberg, Lars: Unia, satuja ja myyttej\u00e4. Johdatus C.G.Jungin analyyttiseen psykologiaan. Noxboox, 2013. Verkkosivuja SAPY Suomen Analyyttisen Psykologian Yhdistys, ry www.cgjung.fi SAPY Facebook sivu www.facebook.com\/cgjungsuomessa IAAP &#8211; International &hellip; <a href=\"https:\/\/ehnberg.fi\/?page_id=14\" class=\"more-link\">Continue reading <span class=\"screen-reader-text\">Tietol\u00e4hteit\u00e4<\/span> <span class=\"meta-nav\">&rarr;<\/span><\/a><\/p>\n","protected":false},"author":1,"featured_media":0,"parent":0,"menu_order":0,"comment_status":"open","ping_status":"open","template":"","meta":{"footnotes":""},"class_list":["post-14","page","type-page","status-publish","hentry"],"_links":{"self":[{"href":"https:\/\/ehnberg.fi\/index.php?rest_route=\/wp\/v2\/pages\/14","targetHints":{"allow":["GET"]}}],"collection":[{"href":"https:\/\/ehnberg.fi\/index.php?rest_route=\/wp\/v2\/pages"}],"about":[{"href":"https:\/\/ehnberg.fi\/index.php?rest_route=\/wp\/v2\/types\/page"}],"author":[{"embeddable":true,"href":"https:\/\/ehnberg.fi\/index.php?rest_route=\/wp\/v2\/users\/1"}],"replies":[{"embeddable":true,"href":"https:\/\/ehnberg.fi\/index.php?rest_route=%2Fwp%2Fv2%2Fcomments&post=14"}],"version-history":[{"count":10,"href":"https:\/\/ehnberg.fi\/index.php?rest_route=\/wp\/v2\/pages\/14\/revisions"}],"predecessor-version":[{"id":181,"href":"https:\/\/ehnberg.fi\/index.php?rest_route=\/wp\/v2\/pages\/14\/revisions\/181"}],"wp:attachment":[{"href":"https:\/\/ehnberg.fi\/index.php?rest_route=%2Fwp%2Fv2%2Fmedia&parent=14"}],"curies":[{"name":"wp","href":"https:\/\/api.w.org\/{rel}","templated":true}]}}