{"id":10,"date":"2015-01-15T11:12:35","date_gmt":"2015-01-15T11:12:35","guid":{"rendered":"http:\/\/ehnberg.fi\/?page_id=10"},"modified":"2026-02-13T08:39:44","modified_gmt":"2026-02-13T08:39:44","slug":"kirja","status":"publish","type":"page","link":"https:\/\/ehnberg.fi\/?page_id=10","title":{"rendered":"Kirjat"},"content":{"rendered":"\n<p>Ensiksi kirja Unia, satuja ja myyttej\u00e4 (Sis\u00e4llysluettelo, Korjauksia 2. painokseen, My\u00f6hempi\u00e4 lis\u00e4yksi\u00e4), toiseksi kirja Satujen aarre (Korjauksia ja lis\u00e4yksi\u00e4)<\/p>\n\n\n<h2>Unia, satuja ja myyttej\u00e4<\/h2>\n<h3>Johdatus C. G. Jungin analyyttiseen psykologiaan<\/h3>\n<p>Ilmestynyt 2013. 2. painos (korjattu) ilmestynyt 2020.<\/p>\n<p>Kustantamo <a href=\"http:\/\/noxboox.fi\">noxboox.fi<\/a> &#8211; kustantajana varmin toimittaja ja joka, pienin varauksin, voi toimitta my\u00f6s tarvittaessa nopeimmin.<\/p>\n<p>E-kirja versio ilmestynyt 2015 ja l\u00f6ytyy Elisa kirjasta, https:\/\/kirja.elisa.fi\/ekirja\/unia-satuja-ja-myytteja<\/p>\n<p>Noxbooxin fb-sivulla kirjasta kommentteja: https:\/\/www.facebook.com\/Noxboox<\/p>\n<p><em>Sis\u00e4llys ja korjauksia 1. painokseen alhaalla.<\/em><\/p>\n<p><strong>Sis\u00e4llys<\/strong><\/p>\n<p>Kiitokset<\/p>\n<p>Sis\u00e4llys<\/p>\n<p>Alkusanat<\/p>\n<p>OSA I: JOHDATUS ANALYYTTISEN PSYKOLOGIAN TEORIAAN<\/p>\n<p>1. Johdanto<\/p>\n<p>Systemaattisia yleiskatsauksia analyyttisest\u00e4 psykologiasta<\/p>\n<p>Carl Gustav Jungin el\u00e4m\u00e4<\/p>\n<p>V\u00e4it\u00f6skirja<\/p>\n<p>2. Assosiaatiokokeet empiirisen\u00e4 perustana<\/p>\n<p>Rekonstruktio assosiaatiokokeesta 1900-luvun alussa<\/p>\n<p>3. Kompleksi, min\u00e4, symboli ja tiedostamaton<\/p>\n<p>Kompleksiteoria<\/p>\n<p>Min\u00e4<\/p>\n<p>Min\u00e4 ja tiedostamaton<\/p>\n<p>Psykologinen typologia<\/p>\n<p>Symboliteoria<\/p>\n<p>Symboli<\/p>\n<p>Kompensatorinen toiminto<\/p>\n<p>P\u00e4\u00e4m\u00e4\u00e4r\u00e4hakuinen toiminto<\/p>\n<p>4. Arkkityyppiteoria<\/p>\n<p>Imago, kompleksi, arkkityyppi<\/p>\n<p>Arkkityyppim\u00e4\u00e4ritelm\u00e4<\/p>\n<p>Sadut<\/p>\n<p>Myytit<\/p>\n<p>OSA II: ANALYYTTISEN PSYKOLOGIAN PSYKOTERAPEUTTISET SOVELLUKSET<\/p>\n<p>5. Individuaation arkkityyppej\u00e4<\/p>\n<p>Varjo<\/p>\n<p>Persona<\/p>\n<p>Anima\/animus<\/p>\n<p>Itse<\/p>\n<p>6. Individuaatio<\/p>\n<p>El\u00e4m\u00e4nkaari ja individuaatio<\/p>\n<p>7. Psykoterapeuttisia ty\u00f6metodeja<\/p>\n<p>Yleinen periaate<\/p>\n<p>Metodin k\u00e4yt\u00e4nt\u00f6\u00e4<\/p>\n<p>8. Analyyttinen psykologia Jungin j\u00e4lkeen<\/p>\n<p>Loppusanat<\/p>\n<p>Kirjallisuus ja l\u00e4hteet<\/p>\n<p>Hakemisto<\/p>\n<p>**********************************************<\/p>\n<p><strong>KORJAUKSIA 1. painoksen tekstiin, jotka tehty 2. painoksessa<\/strong><\/p>\n<p>Sivu 32, kuva, Kastin kompleksimallissa tulisi my\u00f6s &#8220;valkoiset pallot&#8221; olla punaisia<\/p>\n<p>Sivu 53, toiseksi viimeinen jae, viimeinen lause. Tulisi olla:<\/p>\n<p>&#8220;&#8230; ja libido on esimerkiksi mukana miss\u00e4 tahansa kiinnostuksessa.&#8221; Lis\u00e4ys sana libido, tarkoittaen Jungille yl\u00e4k\u00e4sitett\u00e4 yleiselle psyykkiselle energialle.<\/p>\n<p>Sivu 91-96, ja sivu 97 viitteet: kun viitett\u00e4 5 ei ole ollut, luvun viitenumerointi 4st\u00e4 eteenp\u00e4in on korjattu yhdell\u00e4, luvun lopun viiteluettelossa my\u00f6s korjattu<\/p>\n<p>Sivu 92, ylimm\u00e4t kaksi rivi\u00e4. Tulisi olla: keski-ik\u00e4inen<\/p>\n<p>Sivu 97, viite 6 (joka 2. painoksessa 5), lis\u00e4tty von Franzin kirjan englanninkielinen versio: &#8220;Individuation in Fairy Tales. Shambhala 2001.&#8221;<\/p>\n<p>Sivu 99, toisessa kappaleessa turha viitemerkki &#8220;4&#8221;, poistetaan.<\/p>\n<p>Sivu 99, j\u00e4lkeen kursivoidun &#8220;Kristityn vaellus&#8221; tulisi olla viitemerkki 1.<\/p>\n<p>Sivu 115, vuonna 2020 on maailmanlaajuisesti 69 ryhmittym\u00e4\u00e4 joilla koulutusinstituutti tai -j\u00e4rjestelm\u00e4; j\u00e4seni\u00e4 3500.<\/p>\n<p>Sivu 119, viite 1, lis\u00e4ys: iiap.org kotisivun tieto 26.5.2020<\/p>\n<p>Sivu 125, ja sivu 133, von Franz kirjaan S\u00f6kandet efter Sj\u00e4lvet, kysymysmerkin poisto, ja korjaus englanninkielisest\u00e4 versiosta, kuten korjaus sivulle 97.<\/p>\n<p>Sivut 129-130, Hakemisto. Tulisi olla (korjattu sivukohta, useimmiten puuttuva s):<\/p>\n<p>amplifikaatio 107s<\/p>\n<p>anima 83s<\/p>\n<p>animus, m\u00e4\u00e4ritelm\u00e4 80s<\/p>\n<p>arkkityyppi, m\u00e4\u00e4ritelm\u00e4 83s<\/p>\n<p>arkkityyppinen symboli 60-<\/p>\n<p>assosiaatiokoe 106s<\/p>\n<p>el\u00e4m\u00e4npuolisko 70s<\/p>\n<p>energia, psyykkinen, libido 70s<\/p>\n<p>feminiininen 84s<\/p>\n<p>henkinen 85s<\/p>\n<p>itse, m\u00e4\u00e4ritelm\u00e4 89s<\/p>\n<p>kehitys, -n\u00e4k\u00f6kulma 77s<\/p>\n<p>kokonaisuus 51s<\/p>\n<p>kompleksi, m\u00e4\u00e4ritelm\u00e4 34s<\/p>\n<p>kuvaty\u00f6t 110s<\/p>\n<p>lapsuus 83s<\/p>\n<p>liike 20s<\/p>\n<p>maskuliininen 79s<\/p>\n<p>mielikuva 50s<\/p>\n<p>min\u00e4 38-,\u00a0 43 s<\/p>\n<p>min\u00e4-itse-akseli 90s<\/p>\n<p>min\u00e4,kehitys 79s<\/p>\n<p>myytti 60s, 62s<\/p>\n<p>psykoterapia 64s, 92s<\/p>\n<p>ruumiillinen 76s<\/p>\n<p>satu 81s<\/p>\n<p>symboli 93s<\/p>\n<p>symboli, m\u00e4\u00e4ritelm\u00e4 49s<\/p>\n<p>tiedostamaton 70s, 89-<\/p>\n<p>tiedostamaton, henkil\u00f6kohtainen 58s<\/p>\n<p>tunne, typologia\u00a0 ei 47<\/p>\n<p>unet 105s<\/p>\n<p>uskonto 92s, 94s<\/p>\n<p>vanhemmat 92s<\/p>\n<p>yksil\u00f6llinen 57s<\/p>\n<p>\u00e4iti 32s, 58s, 102s<\/p>\n<p>\u00e4itikompleksi 32s, 63s<\/p>\n<p>Sivu 131 L\u00e4hdeluettelo, p\u00e4iv\u00e4lehdet: korjaus kohtaan Ehnberg: Mist. mielikuvat, pit\u00e4isi olla Mist\u00e4 mielikuvat&#8230;<\/p>\n<p>Sivu 141\u00a0 kirjoittajan kotikunta on nyky\u00e4\u00e4n Helsinki<\/p>\n<p><strong>Lis\u00e4yksi\u00e4 my\u00f6hemmin<\/strong><\/p>\n<p>1. 2024-12 Suositeltavaan kirjallisuuteen ja tietol\u00e4hteisiin lis\u00e4isin sivulle 125, Satu\/myytti-otsikon alle ja Aakkoselliseen l\u00e4hdeluetteloon sivulle 133: Guggenb\u00fchl-Craig, A.: Die n\u00e4rrischen Alten, 1986, Schweizer Spiegel Verlag, Z\u00fcrich (l\u00f6ytyy engl. k\u00e4\u00e4nn\u00f6ksen\u00e4 &#8220;Old Fools&#8221;). Teos n\u00e4ytt\u00e4\u00e4 miten myytit ovat alituisesti l\u00e4sn\u00e4 el\u00e4m\u00e4ss\u00e4mme ja kulttuurissa, ja eritoten modernit myytit, ja myyttien esiintyminen paradoksaalisina ja my\u00f6s vaarallisesti v\u00e4\u00e4ristettyin\u00e4. Eritt\u00e4in ajankohtainen analyysi my\u00f6s 2000-luvulla.<\/p>\n<\/p>\n\n\n<h2 class=\"wp-block-heading\"><strong>SATUJEN AARRE<\/strong><\/h2>\n\n\n\n<h2 class=\"wp-block-heading\"><strong>JUNGILAINEN TULKINTA GRIMMIN SADUSTA KOLME H\u00d6YHENT\u00c4. 2022. NOXBOOX.<\/strong><\/h2>\n\n\n\n<p>Ilmestynyt 2022. My\u00f6s e-kirjana. Kustantamo Noxboox.<\/p>\n\n\n\n<p>Korjauksia, lis\u00e4yksi\u00e4:<\/p>\n\n\n\n<p>Sivu 45,   11. rivi alhaalta sana &#8220;muuta&#8221;, tulisi olla mutta<\/p>\n\n\n\n<p>Sivu 52, toisen kappaleen j\u00e4lkeen: Siet\u00e4m\u00e4tt\u00f6m\u00e4ss\u00e4 tunteessa, kivussa, ep\u00e4toivossa, on nis\u00e4kk\u00e4ill\u00e4 todettu olevan tapa keinua, heijaamaan itse\u00e4\u00e4n edestakas. Oletus on ett\u00e4 liike on hieman lohduttava ja ett\u00e4 se saa elimist\u00f6n eritt\u00e4m\u00e4\u00e4n endorfiinia, joka lievitt\u00e4\u00e4 kipua hieman. Viite 39,5. Telk\u00e4nranta (2005), s. 169-70; vrt. Satujen aarre, s. 29, 64. L\u00e4hteet, lis\u00e4ys: Telk\u00e4nranta, Helena. 2005. Millaista on olla el\u00e4in. 2020 5. painos. SKS, Helsinki.<\/p>\n\n\n\n<p>Sivu 73,   viite 60, L\u00e4hteet s. 119. S. 73 Pit\u00e4isi olla: Pronssiajan tekstiilien tuotto oli dramaattisesti erilaatuista Euroopassa, Saksan alueella oli hienompaa lankaa ja pohjoisemmassa karkeampaa. Tekij\u00e4n osaaminen oli keskeinen. Tekstiilej\u00e4 vietiin etel\u00e4\u00e4n ja etel\u00e4st\u00e4 tuotiin pronssimetallia. Kietaisuviitan on v\u00e4itetty aikanaan vastanneen pronssimetallin ostoarvoa jopa sadalle miekalle. Viite 60 lis\u00e4ys: Randsborg, arkeol. prof., ajaa v\u00e4itett\u00e4, ett\u00e4 koko pronssiaika ja sen pitk\u00e4t kauppasuhteet rakentuivat tekstiilien vientiin ja pronssimetallin tuontiin. Randsborg, 2011, s. 111-113, 118. L\u00e4hteet, lis\u00e4ys: Randsborg, Klavs: Bronze Age Textiles &#8211; Men, Women and Wealth. Series: Duckworth Sebates in Archeology. 2011. Bloomsbury Publishing PLC, London.<\/p>\n\n\n\n<p>Sivu 103,   8. rivi ylh\u00e4\u00e4lt\u00e4 sana &#8220;samaanikulttuurin&#8221;, tulisi olla shamaanikulttuurin<\/p>\n","protected":false},"excerpt":{"rendered":"<p>Ensiksi kirja Unia, satuja ja myyttej\u00e4 (Sis\u00e4llysluettelo, Korjauksia 2. painokseen, My\u00f6hempi\u00e4 lis\u00e4yksi\u00e4), toiseksi kirja Satujen aarre (Korjauksia ja lis\u00e4yksi\u00e4) Unia, satuja ja myyttej\u00e4 Johdatus C. G. Jungin analyyttiseen psykologiaan Ilmestynyt 2013. 2. painos (korjattu) ilmestynyt 2020. Kustantamo noxboox.fi &#8211; kustantajana varmin toimittaja ja joka, pienin varauksin, voi toimitta my\u00f6s tarvittaessa nopeimmin. E-kirja versio ilmestynyt 2015 &hellip; <a href=\"https:\/\/ehnberg.fi\/?page_id=10\" class=\"more-link\">Continue reading <span class=\"screen-reader-text\">Kirjat<\/span> <span class=\"meta-nav\">&rarr;<\/span><\/a><\/p>\n","protected":false},"author":1,"featured_media":0,"parent":0,"menu_order":0,"comment_status":"open","ping_status":"open","template":"","meta":{"footnotes":""},"class_list":["post-10","page","type-page","status-publish","hentry"],"_links":{"self":[{"href":"https:\/\/ehnberg.fi\/index.php?rest_route=\/wp\/v2\/pages\/10","targetHints":{"allow":["GET"]}}],"collection":[{"href":"https:\/\/ehnberg.fi\/index.php?rest_route=\/wp\/v2\/pages"}],"about":[{"href":"https:\/\/ehnberg.fi\/index.php?rest_route=\/wp\/v2\/types\/page"}],"author":[{"embeddable":true,"href":"https:\/\/ehnberg.fi\/index.php?rest_route=\/wp\/v2\/users\/1"}],"replies":[{"embeddable":true,"href":"https:\/\/ehnberg.fi\/index.php?rest_route=%2Fwp%2Fv2%2Fcomments&post=10"}],"version-history":[{"count":11,"href":"https:\/\/ehnberg.fi\/index.php?rest_route=\/wp\/v2\/pages\/10\/revisions"}],"predecessor-version":[{"id":265,"href":"https:\/\/ehnberg.fi\/index.php?rest_route=\/wp\/v2\/pages\/10\/revisions\/265"}],"wp:attachment":[{"href":"https:\/\/ehnberg.fi\/index.php?rest_route=%2Fwp%2Fv2%2Fmedia&parent=10"}],"curies":[{"name":"wp","href":"https:\/\/api.w.org\/{rel}","templated":true}]}}